{"id":9352,"date":"2019-08-14T00:50:22","date_gmt":"2019-08-13T23:50:22","guid":{"rendered":"http:\/\/www.wababbel.de\/ferdi\/?page_id=9352"},"modified":"2019-08-14T00:55:55","modified_gmt":"2019-08-13T23:55:55","slug":"wilhelm-smets","status":"publish","type":"page","link":"https:\/\/verserzaehler.wababbel.de\/?page_id=9352","title":{"rendered":"Wilhelm Smets"},"content":{"rendered":"<p><strong>(1)<\/strong> Nur einmal sah ich dich, und niemals wieder,<br \/>\nDich, meines Lebens sch\u00f6nsten Silberblick!<br \/>\nIch rufe nun vergebens dich zur\u00fcck:<br \/>\nNur einmal sah ich dich, und niemals wieder!<br \/>\nDrum sollen ewig klagen meine Liederbl\u00fcten<br \/>\nUm diese Gunst und dieses Missgeschick,<br \/>\nDass ich nur einmal sah, und niemals wieder,<br \/>\nDich, meines Lebens sch\u00f6nsten Silberblick.<\/p>\n<p><strong>(2)<\/strong> Am Wasserfall,<br \/>\nDa ist mein liebster Aufenthalt<br \/>\nIm ganzen gro\u00dfen sch\u00f6nen Wald,<br \/>\nAm Wasserfall;<br \/>\nWo&#8217;s Klagelied der Nachtigall<br \/>\nDurch Bach- und Laubgefl\u00fcster schallt,<br \/>\nDa ist mein liebster Aufenthalt,<br \/>\nAm Wasserfall.<\/p>\n<p><strong>(3) Erinnerung<\/strong><br \/>\nWie sie ein T\u00e4ubchen sanft gefangen hielt,<br \/>\nSo hatt&#8216; ich sie zum ersten Mal gesehen!<br \/>\nUnd so um meine Freiheit war&#8217;s geschehen,<br \/>\nWie sie ein T\u00e4ubchen sanft gefangen hielt.<br \/>\nDoch, meine h\u00f6chste Freiheit war erzielt,<br \/>\nAls ich es laut sang in der LIebe Wehen:<br \/>\nWie sie ein T\u00e4ubchen sanft gefangen hielt,<br \/>\nSo hatt&#8216; ich sie zum ersten Mal gesehen!<\/p>\n<p><strong>(4)<\/strong> An jenem Tag, wo sie mich Bruder nannte,<br \/>\nUnd treu den Arm als Schwester um mich wand &#8211;<br \/>\nO, welche sel&#8217;ge Lust ich da empfand<br \/>\nAn jenem Tag, wo sie mich Bruder nannte!<br \/>\nUnd wie die Sehnsucht, die verzehrend brannte,<br \/>\nVor heil&#8217;ger Glut der Geisterliebe schwand<br \/>\nAn jenem Tag, wo sie mich Bruder nannte,<br \/>\nUnd treu den Arm als Schwester um mich wand!<\/p>\n","protected":false},"excerpt":{"rendered":"<p>(1) Nur einmal sah ich dich, und niemals wieder, Dich, meines Lebens sch\u00f6nsten Silberblick! Ich rufe nun vergebens dich zur\u00fcck: Nur einmal sah ich dich, und niemals wieder! Drum sollen ewig klagen meine Liederbl\u00fcten Um diese Gunst und dieses Missgeschick, Dass ich nur einmal sah, und niemals wieder, Dich, meines Lebens sch\u00f6nsten Silberblick. (2) Am&#8230; <a class=\"more-link\" href=\"https:\/\/verserzaehler.wababbel.de\/?page_id=9352\">Read More <span class=\"screen-reader-text\"> in Wilhelm Smets<\/span><\/a><\/p>\n","protected":false},"author":15,"featured_media":0,"parent":9226,"menu_order":0,"comment_status":"closed","ping_status":"closed","template":"","meta":{"footnotes":""},"class_list":["post-9352","page","type-page","status-publish","hentry"],"_links":{"self":[{"href":"https:\/\/verserzaehler.wababbel.de\/index.php?rest_route=\/wp\/v2\/pages\/9352","targetHints":{"allow":["GET"]}}],"collection":[{"href":"https:\/\/verserzaehler.wababbel.de\/index.php?rest_route=\/wp\/v2\/pages"}],"about":[{"href":"https:\/\/verserzaehler.wababbel.de\/index.php?rest_route=\/wp\/v2\/types\/page"}],"author":[{"embeddable":true,"href":"https:\/\/verserzaehler.wababbel.de\/index.php?rest_route=\/wp\/v2\/users\/15"}],"replies":[{"embeddable":true,"href":"https:\/\/verserzaehler.wababbel.de\/index.php?rest_route=%2Fwp%2Fv2%2Fcomments&post=9352"}],"version-history":[{"count":2,"href":"https:\/\/verserzaehler.wababbel.de\/index.php?rest_route=\/wp\/v2\/pages\/9352\/revisions"}],"predecessor-version":[{"id":9355,"href":"https:\/\/verserzaehler.wababbel.de\/index.php?rest_route=\/wp\/v2\/pages\/9352\/revisions\/9355"}],"up":[{"embeddable":true,"href":"https:\/\/verserzaehler.wababbel.de\/index.php?rest_route=\/wp\/v2\/pages\/9226"}],"wp:attachment":[{"href":"https:\/\/verserzaehler.wababbel.de\/index.php?rest_route=%2Fwp%2Fv2%2Fmedia&parent=9352"}],"curies":[{"name":"wp","href":"https:\/\/api.w.org\/{rel}","templated":true}]}}