{"id":9359,"date":"2019-08-14T11:59:12","date_gmt":"2019-08-14T10:59:12","guid":{"rendered":"http:\/\/www.wababbel.de\/ferdi\/?page_id=9359"},"modified":"2019-08-14T11:59:30","modified_gmt":"2019-08-14T10:59:30","slug":"hermann-roepe","status":"publish","type":"page","link":"https:\/\/verserzaehler.wababbel.de\/?page_id=9359","title":{"rendered":"Hermann R\u00f6pe"},"content":{"rendered":"<p><strong>(1)<\/strong> Soll ich zu dir, soll ich zu jener fliehen?<br \/>\nDu bist mir hold, sie will mir nimmer danken;<br \/>\nSie lie\u00df mein Herz durch kalten Sinn erkranken.<br \/>\nSoll ich zu dir, soll ich zu jener fliehen?<br \/>\nSie qu\u00e4lt mich hart durch niebelohntes M\u00fchen,<br \/>\nDu h\u00e4rter noch, du lehrst mich zweifeln, wanken,<br \/>\nOb ich zu dir soll, ob zu jener fliehen?<br \/>\nDu bist mir hold, sie will mir nimmer danken.<\/p>\n<p><strong>(2)<\/strong> Was ich empfand, als ich zuerst dich sah,<br \/>\nSoll nicht die Sprache zu entheilgen wagen,<br \/>\nVerschwiegen tief will ich&#8217;s im Busen tragen,<br \/>\nWas ich empfand, als ich zuerst dich sah.<br \/>\nWillst du nach dem Gef\u00fchl der Seele fragen,<br \/>\nSteht sie entfesselt vor der Gottheit da?<br \/>\nWas ich empfand, als ich zuerst dich sah.<br \/>\nSoll nicht die Sprache zu entheilgen wagen.<\/p>\n<p><strong>(3)<\/strong> Dass ich sie \u201eDu\u201c und \u201eLiebste\u201c nenne,<br \/>\nL\u00e4sst sie mir nur in Liedern gelten;<br \/>\nDoch Aug&#8216; in Aug&#8216; wird sie mich schelten,<br \/>\nWenn ich sie \u201eDu\u201c und \u201eLiebste\u201c nenne.<br \/>\nSie g\u00f6nnt mir Blick und Wort so selten,<br \/>\nAls dass ich jemals hoffen k\u00f6nne,<br \/>\nSie lie\u00df es Aug&#8216; in Auge gelten,<br \/>\nDass ich sie \u201eDu\u201c und \u201eLiebste\u201c nenne.<\/p>\n<p><strong>(4)<\/strong> Dir weih&#8216; ich dennoch Leben und Gesang,<br \/>\nMagst du auch noch so hart und lieblos scheinen.<br \/>\nSoll Liebe nie, nie uns das Gl\u00fcck vereinen,<br \/>\nDir weih&#8216; ich dennoch Liebe und Gesang.<br \/>\nIst ew&#8217;ge Sehnsucht, nie gestilltes Weinen,<br \/>\nUnd sanfter Wehmut Klage nur mein Dank;<br \/>\nDir weih&#8216; ich dennoch Leben und Gesang,<br \/>\nMagst du auch noch so hart und lieblos scheinen.<\/p>\n<p><strong>(5)<\/strong> Ihr forscht umsonst, wenn ich von Lieb&#8216; euch singe,<br \/>\nOb wohl geliebt, ob wohl verschm\u00e4ht mein Herz?<br \/>\nOb Ernst der Jubel, ob die Klage Scherz?<br \/>\nIhr forscht umsonst, wenn ich von Lieb&#8216; euch singe.<br \/>\nDie Dichter lieben nicht wahrhaft&#8217;ge Dinge,<br \/>\nSie schaffen gern sich tr\u00e4umend Lust und Schmerz.<br \/>\nIhr fragt umsonst, wenn ich von Lieb&#8216; euch singe,<br \/>\nOb wohl geliebt, ob wohl verschm\u00e4ht mein Herz?<\/p>\n","protected":false},"excerpt":{"rendered":"<p>(1) Soll ich zu dir, soll ich zu jener fliehen? Du bist mir hold, sie will mir nimmer danken; Sie lie\u00df mein Herz durch kalten Sinn erkranken. Soll ich zu dir, soll ich zu jener fliehen? Sie qu\u00e4lt mich hart durch niebelohntes M\u00fchen, Du h\u00e4rter noch, du lehrst mich zweifeln, wanken, Ob ich zu dir&#8230; <a class=\"more-link\" href=\"https:\/\/verserzaehler.wababbel.de\/?page_id=9359\">Read More <span class=\"screen-reader-text\"> in Hermann R\u00f6pe<\/span><\/a><\/p>\n","protected":false},"author":15,"featured_media":0,"parent":9226,"menu_order":0,"comment_status":"closed","ping_status":"closed","template":"","meta":{"footnotes":""},"class_list":["post-9359","page","type-page","status-publish","hentry"],"_links":{"self":[{"href":"https:\/\/verserzaehler.wababbel.de\/index.php?rest_route=\/wp\/v2\/pages\/9359","targetHints":{"allow":["GET"]}}],"collection":[{"href":"https:\/\/verserzaehler.wababbel.de\/index.php?rest_route=\/wp\/v2\/pages"}],"about":[{"href":"https:\/\/verserzaehler.wababbel.de\/index.php?rest_route=\/wp\/v2\/types\/page"}],"author":[{"embeddable":true,"href":"https:\/\/verserzaehler.wababbel.de\/index.php?rest_route=\/wp\/v2\/users\/15"}],"replies":[{"embeddable":true,"href":"https:\/\/verserzaehler.wababbel.de\/index.php?rest_route=%2Fwp%2Fv2%2Fcomments&post=9359"}],"version-history":[{"count":1,"href":"https:\/\/verserzaehler.wababbel.de\/index.php?rest_route=\/wp\/v2\/pages\/9359\/revisions"}],"predecessor-version":[{"id":9360,"href":"https:\/\/verserzaehler.wababbel.de\/index.php?rest_route=\/wp\/v2\/pages\/9359\/revisions\/9360"}],"up":[{"embeddable":true,"href":"https:\/\/verserzaehler.wababbel.de\/index.php?rest_route=\/wp\/v2\/pages\/9226"}],"wp:attachment":[{"href":"https:\/\/verserzaehler.wababbel.de\/index.php?rest_route=%2Fwp%2Fv2%2Fmedia&parent=9359"}],"curies":[{"name":"wp","href":"https:\/\/api.w.org\/{rel}","templated":true}]}}