{"id":9362,"date":"2019-08-14T12:08:22","date_gmt":"2019-08-14T11:08:22","guid":{"rendered":"http:\/\/www.wababbel.de\/ferdi\/?page_id=9362"},"modified":"2019-08-14T12:08:43","modified_gmt":"2019-08-14T11:08:43","slug":"bernhard-gottfried-bueren","status":"publish","type":"page","link":"https:\/\/verserzaehler.wababbel.de\/?page_id=9362","title":{"rendered":"Bernhard Gottfried B\u00fcren"},"content":{"rendered":"<p><strong>(1) Anti-Triolett<\/strong><br \/>\nIn deutschen Munde klingt es nicht,<br \/>\nDas Spiel der losen Gallinette.<br \/>\nDer Hermanns Donnersprache spricht.<br \/>\nIm deutschen Munde klingt es nicht.<br \/>\nHinweg drum mit dem Triolette,<br \/>\nDem enggepressten Zwangsgedicht!<br \/>\nIm deutschen Munde klingt es nicht,<br \/>\nDas Spiel der losen Gallinette.<\/p>\n<p><strong>Drei Triolette an die Deutschen<\/strong><\/p>\n<p><strong>(2)<\/strong> Nicht deutsche Tracht macht deutsche M\u00e4nner,<br \/>\nSonst machte ja das Kleid den Mann;<br \/>\nEin Sprichwort, das der Spott ersann!<br \/>\nNur Treu&#8216; und Mut macht deutsche M\u00e4nner,<br \/>\nDie zieh&#8216; als Schwert und Harnisch an,<br \/>\nSo ehrt den Deutschen Feind und G\u00f6nner.<br \/>\nNicht deutsche Tracht macht deutsche M\u00e4nner,<br \/>\nSonst machte ja das Kleid den Mann.<\/p>\n<p><strong>(3)<\/strong> Nicht deutsche Tracht macht deutsche Frauen,<br \/>\nSo wenig als den deutschen Mann.<br \/>\nSie ziehn das Kleid als Mode an;<br \/>\nNur Sittsamkeit macht deutsche Frauen.<br \/>\nIn dieser sch\u00f6nen Tracht sie schauen,<br \/>\nO Wonne, der nichts gleichen kann!<br \/>\nNicht deutsche Tracht macht deutsche Frauen,<br \/>\nSo wenig als den deutschen Mann.<\/p>\n<p><strong>(4)<\/strong> Nicht Donnersprache kann uns retten,<br \/>\nWenn uns der Donnerkeil gebricht;<br \/>\nWenn Hermanns Geist und Arm nicht ficht,<br \/>\nKann uns nicht Hermanns Sprache retten.<br \/>\nNicht stolzes Maul brach Deutschlands Ketten,<br \/>\nSie schmolz der Einkraft Blitzeslicht.<br \/>\nNicht Donnersprache kann uns retten,<br \/>\nWenn jener Donnerkeil gebricht.<\/p>\n<p><strong>Vier Triolette<\/strong><br \/>\n<em>an den deutschen Frauenverein in M\u00fcnster<\/em><\/p>\n<p><strong>5)<\/strong> Der Verein der deutschen Frauen<br \/>\nIst der sch\u00f6nste aller Bunde;<br \/>\nO, er heilt der M\u00e4nner Wunde,<br \/>\nDer Verein der deutschen Frauen<br \/>\nIst ein Wort aus Gottes Munde,<br \/>\nL\u00e4sst in W\u00fcsten Manna tauen.<br \/>\nDer Verein der deutschen Frauen<br \/>\nIst der sch\u00f6nste aller Bunde.<\/p>\n<p><strong>(6)<\/strong> Sieger euch beim sch\u00f6nen Bunde<br \/>\nPflegt der Milde Bund der Sch\u00f6nen!<br \/>\nH\u00fclfe letzt in Lieb&#8216; und Tr\u00e4nen<br \/>\nSieger euch beim sch\u00f6nen Bunde,<br \/>\nStillet wie mit Zaubert\u00f6nen<br \/>\nSchmerz der ehrenvollen Wunde;<br \/>\nSieger euch beim sch\u00f6nen Bunde<br \/>\nKr\u00f6nt der sch\u00f6nste Bund der Sch\u00f6nen!<\/p>\n<p><strong>(7)<\/strong> In verh\u00e4ngnisvoller Stunde<br \/>\nMussten M\u00e4nner Deutschland retten;<br \/>\nFrau&#8217;n! Ihr m\u00fcsst sie pflegen, betten<br \/>\nNach der schweren Arbeitsstunde.<br \/>\nO! Sie brachen Sklavenketten<br \/>\nDurch die Tat, nicht mit dem Munde;<br \/>\nSo, in jammervoller Stunde,<br \/>\nM\u00fcsst ihr pflegend sie erretten.<\/p>\n<p><strong>(8)<\/strong> Danken wird euch, liebe Frauen,<br \/>\nF\u00fcr die Seinen Heerf\u00fcrst Bl\u00fccher;<br \/>\nSieht er zarte Wundent\u00fccher,<br \/>\nS\u00fc\u00dfe Gaben lieber Frauen;<br \/>\nM\u00e4nnertr\u00e4ne wird dann sicher<br \/>\nSeinen Silberbart betauen.<br \/>\nEuer Ruhm, ihr deutschen Frauen,<br \/>\nLebt im Kuss von Vater Bl\u00fccher!<\/p>\n","protected":false},"excerpt":{"rendered":"<p>(1) Anti-Triolett In deutschen Munde klingt es nicht, Das Spiel der losen Gallinette. Der Hermanns Donnersprache spricht. Im deutschen Munde klingt es nicht. Hinweg drum mit dem Triolette, Dem enggepressten Zwangsgedicht! Im deutschen Munde klingt es nicht, Das Spiel der losen Gallinette. Drei Triolette an die Deutschen (2) Nicht deutsche Tracht macht deutsche M\u00e4nner, Sonst&#8230; <a class=\"more-link\" href=\"https:\/\/verserzaehler.wababbel.de\/?page_id=9362\">Read More <span class=\"screen-reader-text\"> in Bernhard Gottfried B\u00fcren<\/span><\/a><\/p>\n","protected":false},"author":15,"featured_media":0,"parent":9226,"menu_order":0,"comment_status":"closed","ping_status":"closed","template":"","meta":{"footnotes":""},"class_list":["post-9362","page","type-page","status-publish","hentry"],"_links":{"self":[{"href":"https:\/\/verserzaehler.wababbel.de\/index.php?rest_route=\/wp\/v2\/pages\/9362","targetHints":{"allow":["GET"]}}],"collection":[{"href":"https:\/\/verserzaehler.wababbel.de\/index.php?rest_route=\/wp\/v2\/pages"}],"about":[{"href":"https:\/\/verserzaehler.wababbel.de\/index.php?rest_route=\/wp\/v2\/types\/page"}],"author":[{"embeddable":true,"href":"https:\/\/verserzaehler.wababbel.de\/index.php?rest_route=\/wp\/v2\/users\/15"}],"replies":[{"embeddable":true,"href":"https:\/\/verserzaehler.wababbel.de\/index.php?rest_route=%2Fwp%2Fv2%2Fcomments&post=9362"}],"version-history":[{"count":1,"href":"https:\/\/verserzaehler.wababbel.de\/index.php?rest_route=\/wp\/v2\/pages\/9362\/revisions"}],"predecessor-version":[{"id":9363,"href":"https:\/\/verserzaehler.wababbel.de\/index.php?rest_route=\/wp\/v2\/pages\/9362\/revisions\/9363"}],"up":[{"embeddable":true,"href":"https:\/\/verserzaehler.wababbel.de\/index.php?rest_route=\/wp\/v2\/pages\/9226"}],"wp:attachment":[{"href":"https:\/\/verserzaehler.wababbel.de\/index.php?rest_route=%2Fwp%2Fv2%2Fmedia&parent=9362"}],"curies":[{"name":"wp","href":"https:\/\/api.w.org\/{rel}","templated":true}]}}