{"id":9366,"date":"2019-08-14T12:15:13","date_gmt":"2019-08-14T11:15:13","guid":{"rendered":"http:\/\/www.wababbel.de\/ferdi\/?page_id=9366"},"modified":"2019-08-14T12:15:41","modified_gmt":"2019-08-14T11:15:41","slug":"karl-reinhard","status":"publish","type":"page","link":"https:\/\/verserzaehler.wababbel.de\/?page_id=9366","title":{"rendered":"Karl Reinhard"},"content":{"rendered":"<p><strong>(1) Man liebt nur einmal<\/strong><br \/>\nEinmal, einmal liebt man nur!<br \/>\nEinmal nur in seinem Leben<br \/>\nKann man ganz sein Herz vergeben.<br \/>\nEinmal, einmal liebt man nur!<br \/>\nUnd die Huldg\u00f6ttinnen weben<br \/>\nEinmal in der Liebe Schwur<br \/>\nAll&#8216; die Seligkeiten nur,<br \/>\nDie zu G\u00f6ttern uns erheben:<br \/>\nEinmal, einmal liebt man nur!<\/p>\n<p><strong>(2) Das h\u00f6chste Gut<\/strong><br \/>\nH\u00e4tt&#8216; ich aller G\u00f6tter Gaben,<br \/>\nUnd Elisa fehlte mir,<br \/>\nSagt, was k\u00f6nnt&#8216; ich Frohes haben?<br \/>\nH\u00e4tt&#8216; ich aller G\u00f6tter Gaben,<br \/>\nUnd die sch\u00f6nste nicht in ihr?<br \/>\nBettelarm w\u00fcrd&#8216; ich begraben,<br \/>\nH\u00e4tt&#8216; ich aller G\u00f6tter Gaben,<br \/>\nUnd Elisa fehlte mir!<\/p>\n<p><strong>(3) An Elisa<\/strong><br \/>\nM\u00e4dchen, gib mein Herz zur\u00fcck,<br \/>\nOder schenke mir das deine!<br \/>\nKannst du sehen, wie ich weine:<br \/>\nM\u00e4dchen, gib mein Herz zur\u00fcck!<br \/>\nHerz um Herz und Gl\u00fcck um Gl\u00fcck,<br \/>\nOder jeglichem das Seine!<br \/>\nM\u00e4dchen, gib mein Herz zur\u00fcck,<br \/>\nOder schenke mir das deine!<\/p>\n","protected":false},"excerpt":{"rendered":"<p>(1) Man liebt nur einmal Einmal, einmal liebt man nur! Einmal nur in seinem Leben Kann man ganz sein Herz vergeben. Einmal, einmal liebt man nur! Und die Huldg\u00f6ttinnen weben Einmal in der Liebe Schwur All&#8216; die Seligkeiten nur, Die zu G\u00f6ttern uns erheben: Einmal, einmal liebt man nur! (2) Das h\u00f6chste Gut H\u00e4tt&#8216; ich&#8230; <a class=\"more-link\" href=\"https:\/\/verserzaehler.wababbel.de\/?page_id=9366\">Read More <span class=\"screen-reader-text\"> in Karl Reinhard<\/span><\/a><\/p>\n","protected":false},"author":15,"featured_media":0,"parent":9226,"menu_order":0,"comment_status":"closed","ping_status":"closed","template":"","meta":{"footnotes":""},"class_list":["post-9366","page","type-page","status-publish","hentry"],"_links":{"self":[{"href":"https:\/\/verserzaehler.wababbel.de\/index.php?rest_route=\/wp\/v2\/pages\/9366","targetHints":{"allow":["GET"]}}],"collection":[{"href":"https:\/\/verserzaehler.wababbel.de\/index.php?rest_route=\/wp\/v2\/pages"}],"about":[{"href":"https:\/\/verserzaehler.wababbel.de\/index.php?rest_route=\/wp\/v2\/types\/page"}],"author":[{"embeddable":true,"href":"https:\/\/verserzaehler.wababbel.de\/index.php?rest_route=\/wp\/v2\/users\/15"}],"replies":[{"embeddable":true,"href":"https:\/\/verserzaehler.wababbel.de\/index.php?rest_route=%2Fwp%2Fv2%2Fcomments&post=9366"}],"version-history":[{"count":1,"href":"https:\/\/verserzaehler.wababbel.de\/index.php?rest_route=\/wp\/v2\/pages\/9366\/revisions"}],"predecessor-version":[{"id":9367,"href":"https:\/\/verserzaehler.wababbel.de\/index.php?rest_route=\/wp\/v2\/pages\/9366\/revisions\/9367"}],"up":[{"embeddable":true,"href":"https:\/\/verserzaehler.wababbel.de\/index.php?rest_route=\/wp\/v2\/pages\/9226"}],"wp:attachment":[{"href":"https:\/\/verserzaehler.wababbel.de\/index.php?rest_route=%2Fwp%2Fv2%2Fmedia&parent=9366"}],"curies":[{"name":"wp","href":"https:\/\/api.w.org\/{rel}","templated":true}]}}