{"id":9396,"date":"2019-08-17T23:39:46","date_gmt":"2019-08-17T22:39:46","guid":{"rendered":"http:\/\/www.wababbel.de\/ferdi\/?page_id=9396"},"modified":"2019-08-17T23:40:08","modified_gmt":"2019-08-17T22:40:08","slug":"heinrich-doering","status":"publish","type":"page","link":"https:\/\/verserzaehler.wababbel.de\/?page_id=9396","title":{"rendered":"Heinrich D\u00f6ring"},"content":{"rendered":"<p><strong>(1) Der schlimmste Fall<\/strong><br \/>\nDer schlimmste war&#8217;s von allen F\u00e4llen,<br \/>\nAls ich durch Nacht und Nebel mich<br \/>\nJ\u00fcngst zu Luisens Fenster schlich;<br \/>\nDer schlimmste war&#8217;s von allen F\u00e4llen!<br \/>\nAch, warum musst auch Tiras bellen.<br \/>\nUnd in dem Zimmer f\u00fcrchterlich<br \/>\nDie alte, d\u00fcstre Tante schellen &#8211;<br \/>\nDer schlimmst war&#8217;s von allen F\u00e4llen!<\/p>\n<p><strong>(2)<\/strong> Die Holde, die ich meine,<br \/>\nIst eben sechzehn Jahr.<br \/>\nSanft unter blondem Haar<br \/>\nDa strahlt mit mildem Scheine<br \/>\nEin blaues Augenpaar,<br \/>\nSo lieblich hat&#8217;s nur Eine:<br \/>\nDie Holde, die ich meine!<br \/>\nUnd Wang&#8216; und Lippen gar &#8211;<br \/>\nIch wette, traun! das keine<br \/>\nDer Grazien sch\u00f6ner war!<br \/>\nO reichte am Altar<br \/>\nZu ewigem Vereine<br \/>\nSie ihre Hand mir dar,<br \/>\nDie Holde, die ich meine!<\/p>\n","protected":false},"excerpt":{"rendered":"<p>(1) Der schlimmste Fall Der schlimmste war&#8217;s von allen F\u00e4llen, Als ich durch Nacht und Nebel mich J\u00fcngst zu Luisens Fenster schlich; Der schlimmste war&#8217;s von allen F\u00e4llen! Ach, warum musst auch Tiras bellen. Und in dem Zimmer f\u00fcrchterlich Die alte, d\u00fcstre Tante schellen &#8211; Der schlimmst war&#8217;s von allen F\u00e4llen! (2) Die Holde, die&#8230; <a class=\"more-link\" href=\"https:\/\/verserzaehler.wababbel.de\/?page_id=9396\">Read More <span class=\"screen-reader-text\"> in Heinrich D\u00f6ring<\/span><\/a><\/p>\n","protected":false},"author":15,"featured_media":0,"parent":9226,"menu_order":0,"comment_status":"closed","ping_status":"closed","template":"","meta":{"footnotes":""},"class_list":["post-9396","page","type-page","status-publish","hentry"],"_links":{"self":[{"href":"https:\/\/verserzaehler.wababbel.de\/index.php?rest_route=\/wp\/v2\/pages\/9396","targetHints":{"allow":["GET"]}}],"collection":[{"href":"https:\/\/verserzaehler.wababbel.de\/index.php?rest_route=\/wp\/v2\/pages"}],"about":[{"href":"https:\/\/verserzaehler.wababbel.de\/index.php?rest_route=\/wp\/v2\/types\/page"}],"author":[{"embeddable":true,"href":"https:\/\/verserzaehler.wababbel.de\/index.php?rest_route=\/wp\/v2\/users\/15"}],"replies":[{"embeddable":true,"href":"https:\/\/verserzaehler.wababbel.de\/index.php?rest_route=%2Fwp%2Fv2%2Fcomments&post=9396"}],"version-history":[{"count":1,"href":"https:\/\/verserzaehler.wababbel.de\/index.php?rest_route=\/wp\/v2\/pages\/9396\/revisions"}],"predecessor-version":[{"id":9397,"href":"https:\/\/verserzaehler.wababbel.de\/index.php?rest_route=\/wp\/v2\/pages\/9396\/revisions\/9397"}],"up":[{"embeddable":true,"href":"https:\/\/verserzaehler.wababbel.de\/index.php?rest_route=\/wp\/v2\/pages\/9226"}],"wp:attachment":[{"href":"https:\/\/verserzaehler.wababbel.de\/index.php?rest_route=%2Fwp%2Fv2%2Fmedia&parent=9396"}],"curies":[{"name":"wp","href":"https:\/\/api.w.org\/{rel}","templated":true}]}}