{"id":9417,"date":"2019-08-19T22:36:03","date_gmt":"2019-08-19T21:36:03","guid":{"rendered":"http:\/\/www.wababbel.de\/ferdi\/?page_id=9417"},"modified":"2019-08-19T22:36:22","modified_gmt":"2019-08-19T21:36:22","slug":"hermann-bienenfeld","status":"publish","type":"page","link":"https:\/\/verserzaehler.wababbel.de\/?page_id=9417","title":{"rendered":"Hermann Bienenfeld"},"content":{"rendered":"<p><strong>Herbst-Triolette<\/strong><\/p>\n<p><strong>(1)<\/strong> Zu frostig ist der Herbst, um warm zu dichten,<br \/>\nD&#8217;rum spiel&#8216; ich blo\u00df im leichten Triolett;<br \/>\nDie Muse m\u00f6cht&#8216; sich vor dem Nebel fl\u00fcchten!<br \/>\nZu frostig ist der Herbst, um warm zu dichten,<br \/>\nZu tr\u00fcbe, um die Phantasie zu lichten,<br \/>\nIhr graut vor Winters schneegeflaumtem Bett&#8216;.<br \/>\nZu frostig ist der Herbst, um warm zu dichten,<br \/>\nD&#8217;rum spiel&#8216; ich blo\u00df im leichten Triolett.<\/p>\n<p><strong>(2)<\/strong> Sch\u00f6n Nannettchen lockt das L\u00f6ckchen,<br \/>\nDenn der Wind, der zauste drein,<br \/>\nR\u00f6tlich z\u00fcrnt darob ihr B\u00e4ckchen;<br \/>\nSch\u00f6n Nannettchen lockt das L\u00f6ckchen,<br \/>\nUnd jetzt h\u00e4ngt es wie ein Gl\u00f6ckchen<br \/>\nAn der Stirn&#8216; &#8211; o w\u00e4r&#8216; es mein!<br \/>\nSch\u00f6n Nanettchen lockt das L\u00f6ckchen,<br \/>\nDenn der Wind, der zauste drein.<\/p>\n<p><strong>(3)<\/strong> Husch, husch, husch, die Grillen schleichen<br \/>\nFr\u00f6stelnd, tr\u00fcb, wie Nebel her:<br \/>\nNur die Lieb&#8216; k\u00f6nnt&#8216; sie verscheuchen!<br \/>\nHusch, husch, husch, die Grillen schleichen<br \/>\nDrohend, schwarze, b\u00f6se Zeichen,<br \/>\nDr\u00fccken Herz und Sinne schwer.<br \/>\nHusch, husch, husch, die Grillen schleichen<br \/>\nFr\u00f6stelnd, tr\u00fcb, wie Nebel her.<\/p>\n<p><strong>(4)<\/strong> Will mich in den Mantel h\u00fcllen,<br \/>\nRings um mich da bl\u00e4st der Wind;<br \/>\nKann den Sausbraus doch nicht stillen &#8211;<br \/>\nWill mich in den Mantel h\u00fcllen,<br \/>\nDass ins Herz &#8211; um&#8217;s Himmelswillen &#8211;<br \/>\nSich der Wildfang nicht auch find&#8216;!<br \/>\nWill mich in den Mantel h\u00fcllen,<br \/>\nRings um mich da bl\u00e4st der Wind.<\/p>\n","protected":false},"excerpt":{"rendered":"<p>Herbst-Triolette (1) Zu frostig ist der Herbst, um warm zu dichten, D&#8217;rum spiel&#8216; ich blo\u00df im leichten Triolett; Die Muse m\u00f6cht&#8216; sich vor dem Nebel fl\u00fcchten! Zu frostig ist der Herbst, um warm zu dichten, Zu tr\u00fcbe, um die Phantasie zu lichten, Ihr graut vor Winters schneegeflaumtem Bett&#8216;. Zu frostig ist der Herbst, um warm&#8230; <a class=\"more-link\" href=\"https:\/\/verserzaehler.wababbel.de\/?page_id=9417\">Read More <span class=\"screen-reader-text\"> in Hermann Bienenfeld<\/span><\/a><\/p>\n","protected":false},"author":15,"featured_media":0,"parent":9226,"menu_order":0,"comment_status":"closed","ping_status":"closed","template":"","meta":{"footnotes":""},"class_list":["post-9417","page","type-page","status-publish","hentry"],"_links":{"self":[{"href":"https:\/\/verserzaehler.wababbel.de\/index.php?rest_route=\/wp\/v2\/pages\/9417","targetHints":{"allow":["GET"]}}],"collection":[{"href":"https:\/\/verserzaehler.wababbel.de\/index.php?rest_route=\/wp\/v2\/pages"}],"about":[{"href":"https:\/\/verserzaehler.wababbel.de\/index.php?rest_route=\/wp\/v2\/types\/page"}],"author":[{"embeddable":true,"href":"https:\/\/verserzaehler.wababbel.de\/index.php?rest_route=\/wp\/v2\/users\/15"}],"replies":[{"embeddable":true,"href":"https:\/\/verserzaehler.wababbel.de\/index.php?rest_route=%2Fwp%2Fv2%2Fcomments&post=9417"}],"version-history":[{"count":1,"href":"https:\/\/verserzaehler.wababbel.de\/index.php?rest_route=\/wp\/v2\/pages\/9417\/revisions"}],"predecessor-version":[{"id":9418,"href":"https:\/\/verserzaehler.wababbel.de\/index.php?rest_route=\/wp\/v2\/pages\/9417\/revisions\/9418"}],"up":[{"embeddable":true,"href":"https:\/\/verserzaehler.wababbel.de\/index.php?rest_route=\/wp\/v2\/pages\/9226"}],"wp:attachment":[{"href":"https:\/\/verserzaehler.wababbel.de\/index.php?rest_route=%2Fwp%2Fv2%2Fmedia&parent=9417"}],"curies":[{"name":"wp","href":"https:\/\/api.w.org\/{rel}","templated":true}]}}