{"id":9420,"date":"2019-08-19T22:41:12","date_gmt":"2019-08-19T21:41:12","guid":{"rendered":"http:\/\/www.wababbel.de\/ferdi\/?page_id=9420"},"modified":"2019-08-19T22:41:28","modified_gmt":"2019-08-19T21:41:28","slug":"georg-blum","status":"publish","type":"page","link":"https:\/\/verserzaehler.wababbel.de\/?page_id=9420","title":{"rendered":"Georg Blum"},"content":{"rendered":"<p><strong>Grabesfrieden<\/strong><\/p>\n<p>Glosse, Motto:<\/p>\n<p><em>Im Grabe nur ist Frieden,<\/em><br \/>\n<em>In tiefer Todesnacht;<\/em><br \/>\n<em>Dort schlummern alle M\u00fcden,<\/em><br \/>\n<em>Von mildem Traum umfacht.<\/em><\/p>\n<p><strong>(1)<\/strong> Im Grabe nur ist Frieden.<br \/>\nIch m\u00f6cht&#8216; begraben sein!<br \/>\nD&#8217;rum sing&#8216; ich ohn&#8216; Erm\u00fcden:<br \/>\n\u201eIm Grabe nur ist Frieden!\u201c<br \/>\nWo schwindet sonst hienieden<br \/>\nDes Lebens Gram und Pein?<br \/>\nIm Grabe nur ist Frieden.<br \/>\nIch m\u00f6cht&#8216; begraben sein!<\/p>\n<p><strong>(2)<\/strong> In tiefer Todesnacht<br \/>\nEntschlafen alle Sorgen;<br \/>\nAuf Gottes Wink erwacht<br \/>\nAus tiefer Todesnacht<br \/>\nMit jugendlicher Pracht<br \/>\nEin sch\u00f6ner Fr\u00fchlingsmorgen;<br \/>\nIn tiefer Todesnacht<br \/>\nIst Lenz und Lieb&#8216; verborgen.<\/p>\n<p><strong>(3)<\/strong> Dort schlummern alle M\u00fcden<br \/>\nGar sanft im Bretterhaus,<br \/>\nUmweht vom Himmelsfrieden;<br \/>\nDort schlummern alle M\u00fcden,<br \/>\nVon Welt und Zeit geschieden,<br \/>\nWohl ihre Schmerzen aus;<br \/>\nDort schlummern alle M\u00fcden<br \/>\nGar sanft im Bretterhaus.<\/p>\n<p><strong>(4)<\/strong> Von mildem Traum umfacht,<br \/>\nM\u00f6cht&#8216; ich bei ihnen schlafen;<br \/>\nWas ich gehofft, gedacht,<br \/>\nVon mildem Traum umfacht,<br \/>\nVersank in \u00f6de Nacht;<br \/>\nIn ihrem Friedenshafen,<br \/>\nVon mildem Traum umfacht,<br \/>\nM\u00f6cht&#8216; ich bei ihnen schlafen.<\/p>\n","protected":false},"excerpt":{"rendered":"<p>Grabesfrieden Glosse, Motto: Im Grabe nur ist Frieden, In tiefer Todesnacht; Dort schlummern alle M\u00fcden, Von mildem Traum umfacht. (1) Im Grabe nur ist Frieden. Ich m\u00f6cht&#8216; begraben sein! D&#8217;rum sing&#8216; ich ohn&#8216; Erm\u00fcden: \u201eIm Grabe nur ist Frieden!\u201c Wo schwindet sonst hienieden Des Lebens Gram und Pein? Im Grabe nur ist Frieden. Ich m\u00f6cht&#8216;&#8230; <a class=\"more-link\" href=\"https:\/\/verserzaehler.wababbel.de\/?page_id=9420\">Read More <span class=\"screen-reader-text\"> in Georg Blum<\/span><\/a><\/p>\n","protected":false},"author":15,"featured_media":0,"parent":9226,"menu_order":0,"comment_status":"closed","ping_status":"closed","template":"","meta":{"footnotes":""},"class_list":["post-9420","page","type-page","status-publish","hentry"],"_links":{"self":[{"href":"https:\/\/verserzaehler.wababbel.de\/index.php?rest_route=\/wp\/v2\/pages\/9420","targetHints":{"allow":["GET"]}}],"collection":[{"href":"https:\/\/verserzaehler.wababbel.de\/index.php?rest_route=\/wp\/v2\/pages"}],"about":[{"href":"https:\/\/verserzaehler.wababbel.de\/index.php?rest_route=\/wp\/v2\/types\/page"}],"author":[{"embeddable":true,"href":"https:\/\/verserzaehler.wababbel.de\/index.php?rest_route=\/wp\/v2\/users\/15"}],"replies":[{"embeddable":true,"href":"https:\/\/verserzaehler.wababbel.de\/index.php?rest_route=%2Fwp%2Fv2%2Fcomments&post=9420"}],"version-history":[{"count":1,"href":"https:\/\/verserzaehler.wababbel.de\/index.php?rest_route=\/wp\/v2\/pages\/9420\/revisions"}],"predecessor-version":[{"id":9421,"href":"https:\/\/verserzaehler.wababbel.de\/index.php?rest_route=\/wp\/v2\/pages\/9420\/revisions\/9421"}],"up":[{"embeddable":true,"href":"https:\/\/verserzaehler.wababbel.de\/index.php?rest_route=\/wp\/v2\/pages\/9226"}],"wp:attachment":[{"href":"https:\/\/verserzaehler.wababbel.de\/index.php?rest_route=%2Fwp%2Fv2%2Fmedia&parent=9420"}],"curies":[{"name":"wp","href":"https:\/\/api.w.org\/{rel}","templated":true}]}}