{"id":9907,"date":"2020-02-07T22:39:48","date_gmt":"2020-02-07T21:39:48","guid":{"rendered":"http:\/\/www.wababbel.de\/ferdi\/?page_id=9907"},"modified":"2020-02-18T16:47:01","modified_gmt":"2020-02-18T15:47:01","slug":"der-zeilensprung","status":"publish","type":"page","link":"https:\/\/verserzaehler.wababbel.de\/?page_id=9907","title":{"rendered":"Zeilensprung"},"content":{"rendered":"<p>Beim Schreiben von Hexametern ist es nicht erforderlich, auf eine \u00dcbereinstimmung von Vers und Inhalt zu achten; weder muss ein am Versbeginn einsetzender Satz am Versende schlie\u00dfen, noch muss ein Gedanke innerhalb eines einzelnen Verses vollst\u00e4ndig dargestellt werden.* In Gegenteil: Das Hin\u00fcberf\u00fchren von Satz und Gedanke aus dem einen Vers in den n\u00e4chsten ist h\u00e4ufig und tr\u00e4gt zum abwechslungsreichen, vielf\u00e4ltigen Eindruck der im Hexameter geschriebenen Texte entscheidend bei! Allerdings darf das Gef\u00fchl f\u00fcr die Einheit des einzelnen Verses dabei nicht verloren gehen, so dass am Versende zumindest eine Sinneinheit beziehungsweise ein Satzglied schlie\u00dfen sollte. Als Beispiel daf\u00fcr der Beginn von Goethes \u201eAchilleis\u201c:<\/p>\n<p><em>Hoch zu Flammen entbrannte die m\u00e4chtige Lohe noch einmal,<\/em><br \/>\n<em>Strebend gegen den Himmel, und Ilios&#8216; Mauern erschienen<\/em><br \/>\n<em>Rot, durch die finstere Nacht; der aufgeschichtenen Waldung<\/em><br \/>\n<em>Ungeheures Ger\u00fcst, zusammenst\u00fcrzend, erregte<\/em><br \/>\n<em>M\u00e4chtige Glut zuletzt. Da senkten sich Hektors Gebeine<\/em><br \/>\n<em>Nieder, und Asche** lag der edelste Troer am Boden.<\/em><\/p>\n<p>Die heftigsten Zeilenspr\u00fcnge finden sich, wenn durch den Verswechsel Beiwort und Hauptwort getrennt werden, oder sogar F\u00fcrwort und Hauptwort. Der Beginn von H\u00f6lderlins \u201eDer Archipelagus\u201c gibt gleich in den ersten zwei Vers f\u00fcr beides ein Beispiel:<\/p>\n<p><em>Kehren die Kraniche wieder zu dir, und suchen zu deinen<\/em><br \/>\n<em>Ufern wieder die Schiffe den Lauf? Umatmen erw\u00fcnschte<\/em><br \/>\n<em>L\u00fcfte dir die beruhigte Flut, und sonnet der Delphin***,<\/em><br \/>\n<em>Aus der Tiefe gelockt, am neuen Lichte den R\u00fccken?<\/em><\/p>\n<p>Diese harten Schnitte sollten aber selten bleiben. Unter keinen Umst\u00e4nden darf man sich die Trennung von Artikel und Hauptwort gestatten, auch wenn zu Beginn des eigenen Schreibens die Notwendigkeit, jeden Vers betont beginnen zu m\u00fcssen, diese M\u00f6glichkeit sehr verlockend erscheinen l\u00e4sst!****<\/p>\n<p>Noch schroffer, und damit unangebrachter, ist der Sprung lediglich bei der Trennung eines Wortes am Versende. Geschieht das doch einmal, dann nur in humoristischer oder parodistischer Absicht, so am Beginn von M\u00f6rikes \u201eEpistel\u201c:<\/p>\n<p><em>Wie sich dein neuer Poet in unserem Kreise gefalle?<\/em><br \/>\n<em>Nicht zum besten. Er meint, man verst\u00fcnd&#8216; ihn eben auch hier nicht.<\/em><br \/>\n<em>Jetzo hat er ein griechisches Epos, h\u00f6r&#8216; ich, die Argo-<\/em><br \/>\n<em>Nauten, heroische Form, auf dem Amboss. Segn&#8217;es der Gott ihm,<\/em><br \/>\n<em>Aber zu lesen begehr ich es nicht. Glaub mir, das ist auch so<\/em><br \/>\n<em>Eins von den sauren Genies, dergleichen wir mehrere kennen.<\/em><\/p>\n<p>In den ersten beiden Versen schlie\u00dfen Satz und Vers deckungsgleich; im dritten Vers dann folgt der h\u00e4rtestm\u00f6gliche Zeilensprung! Danach ist auch der Sprung vom f\u00fcnften in den sechsten Vers heftig.<\/p>\n<hr>\n<p><strong>*<\/strong> Als Beispiel f\u00fcr Hexameter, die auf den Zeilensprung verzichten, einige Verse aus dem &#8222;Karlskrieg&#8220; von Weidmann:<\/p>\n<p><em>Karl ging weiter, und sah mit Erstaunen die gr\u00e4ulichsten Wesen.<\/em><br \/>\n<em>In dem finstersten Winkel erblickt er den Geiz mit Entsetzen.<\/em><br \/>\n<em>Dieses Gespenst ist voll von Begierde und Hunger nach Golde:<\/em><br \/>\n<em>Rings um ihn schw\u00e4rmen die goldenen Tr\u00e4ume. Sie t\u00e4uschen ihn immer.<\/em><br \/>\n<em>Hastig ergreift er die Sch\u00e4tze, doch sie verschwinden ihm wieder.<\/em><br \/>\n<em>So vom ewigen Durste gemartet verfolgt er sich selbsten.<\/em><\/p>\n<p><strong>**<\/strong>\u201eAsche\u201c anstelle des heute verwendeten \u201eals Asche\u201c war zu Goethes Zeiten \u00fcblich.<\/p>\n<p><strong>***<\/strong> H\u00f6lderlin betont \u201eDelphin\u201c auf der ersten Silbe, wie es auch Schiller tut in \u201eDas Gl\u00fcck\u201c:<\/p>\n<p><em>Ihm zu F\u00fc\u00dfen legt sich der Leu, das brausende Delphin.<\/em><\/p>\n<p>Dagegen Goethe (\u201eAlexis und Dora\u201c):<\/p>\n<p><em>Langhin furcht sich die Gleise des Kiels, worin die Delphine<\/em><\/p>\n<p>mit heutiger Aussprache.<\/p>\n<p><strong>****<\/strong> Selbstredend ist aber auch das gemacht worden. Wildgans (\u201eKirbisch\u201c):<\/p>\n<p><em>Aber er wei\u00df es schon l\u00e4ngst, der Allwissende, wie an dem Tag des<\/em><br \/>\n<em>Gro\u00dfen Gerichts dereinst die Lose zu fallen bestimmt sind.<\/em><\/p>\n<p>Im Distichon:<\/p>\n<p><em>Und ich stehe und staune und freu mich des w\u00fcrzigen Dufts, des<\/em><br \/>\n<em>Imposanten Verkehrs ringsum und sinnlosen L\u00e4rms &#8230;<\/em><\/p>\n<p>&#8211; Flaischlen, \u201eHymne auf Berlin\u201c.<\/p>\n","protected":false},"excerpt":{"rendered":"<p>Beim Schreiben von Hexametern ist es nicht erforderlich, auf eine \u00dcbereinstimmung von Vers und Inhalt zu achten; weder muss ein am Versbeginn einsetzender Satz am Versende schlie\u00dfen, noch muss ein Gedanke innerhalb eines einzelnen Verses vollst\u00e4ndig dargestellt werden.* In Gegenteil: Das Hin\u00fcberf\u00fchren von Satz und Gedanke aus dem einen Vers in den n\u00e4chsten ist h\u00e4ufig&#8230; <a class=\"more-link\" href=\"https:\/\/verserzaehler.wababbel.de\/?page_id=9907\">Read More <span class=\"screen-reader-text\"> in Zeilensprung<\/span><\/a><\/p>\n","protected":false},"author":15,"featured_media":0,"parent":8483,"menu_order":0,"comment_status":"closed","ping_status":"closed","template":"","meta":{"footnotes":""},"class_list":["post-9907","page","type-page","status-publish","hentry"],"_links":{"self":[{"href":"https:\/\/verserzaehler.wababbel.de\/index.php?rest_route=\/wp\/v2\/pages\/9907","targetHints":{"allow":["GET"]}}],"collection":[{"href":"https:\/\/verserzaehler.wababbel.de\/index.php?rest_route=\/wp\/v2\/pages"}],"about":[{"href":"https:\/\/verserzaehler.wababbel.de\/index.php?rest_route=\/wp\/v2\/types\/page"}],"author":[{"embeddable":true,"href":"https:\/\/verserzaehler.wababbel.de\/index.php?rest_route=\/wp\/v2\/users\/15"}],"replies":[{"embeddable":true,"href":"https:\/\/verserzaehler.wababbel.de\/index.php?rest_route=%2Fwp%2Fv2%2Fcomments&post=9907"}],"version-history":[{"count":6,"href":"https:\/\/verserzaehler.wababbel.de\/index.php?rest_route=\/wp\/v2\/pages\/9907\/revisions"}],"predecessor-version":[{"id":9926,"href":"https:\/\/verserzaehler.wababbel.de\/index.php?rest_route=\/wp\/v2\/pages\/9907\/revisions\/9926"}],"up":[{"embeddable":true,"href":"https:\/\/verserzaehler.wababbel.de\/index.php?rest_route=\/wp\/v2\/pages\/8483"}],"wp:attachment":[{"href":"https:\/\/verserzaehler.wababbel.de\/index.php?rest_route=%2Fwp%2Fv2%2Fmedia&parent=9907"}],"curies":[{"name":"wp","href":"https:\/\/api.w.org\/{rel}","templated":true}]}}