{"id":9967,"date":"2020-02-20T23:20:06","date_gmt":"2020-02-20T22:20:06","guid":{"rendered":"http:\/\/www.wababbel.de\/ferdi\/?page_id=9967"},"modified":"2020-02-20T23:20:37","modified_gmt":"2020-02-20T22:20:37","slug":"scheiss-was-drauf","status":"publish","type":"page","link":"https:\/\/verserzaehler.wababbel.de\/?page_id=9967","title":{"rendered":"Schei\u00df was drauf!"},"content":{"rendered":"<p>Wer sich mit dem Hexameter besch\u00e4ftigt, stellt bald fest, dass es Dutzende von Dingen gibt, die beachtet werden wollen; und wer versucht, allen diesen Dingen auf einmal gerecht zu werden, verzweifelt leicht an der Unm\u00f6glichkeit dieser Aufgabe. Dies hat dieser Eintrag im Auge, und darauf bezogen ist sein etwas r\u00fcder Titel!<\/p>\n<p>\u201eSchei\u00df was drauf!\u201c, das hei\u00dft: So gut und richtig und wichtig alles ist, was, nicht zuletzt in diesem Lexikon!, \u00fcber den Hexameter gesagt wird: Es muss nicht alles davon in jedem einzelnen Vers umgesetzt werden. <strong>In der Gesamtheit<\/strong> sollte ein Hexameter-Text diesen Bedingungen gen\u00fcgen, da er nur dann als Hexameter-Text erfahrbar wird und die Wirkung, die aus all den fein aufeinander abgestimmten rhythmischen und klanglichen Gestaltungsm\u00f6glichkeiten hervorgeht, sich entfalten kann; <strong>ein einzelner Vers<\/strong> dagegen kann gegen all diese Bedingungen bedenkenlos versto\u00dfen. Warum auch nicht?! Der H\u00f6rerleser hat die Regel im Kopf, er nimmt den Versto\u00df wahr; und ordnet ihn ein in Bezug auf die Regel. So gesehen ist auch das nur eine weitere M\u00f6glichkeit, die Vielgestaltigkeit des Hexameters zu bef\u00f6rdern! Gef\u00e4hrlich wird es erst, wenn derlei Verst\u00f6\u00dfe so h\u00e4ufig werden, dass der H\u00f6rerleser dar\u00fcber die Regel vergisst, sich nicht mehr bewusst ist, was einen Hexameter eigentlich ausmacht; dann h\u00f6rt der Text auf, ein Hexameter-Text zu sein und zerf\u00e4llt zu etwas, das zwar als rhythmisch gestaltete Sprache erkennbar ist, aber nur noch wenig \u201ehexametrische Wirkungkraft\u201c erzeugen kann. Insgesamt aber gilt:<\/p>\n<p><strong>Der einzelne Vers darf alles!<\/strong><\/p>\n<p>Und \u201ealles\u201c meint hier wirklich: was immer er will. Ich gebe ein Beispiel aus der Feder Friedrich R\u00fcckerts:<\/p>\n<p><em>Hast du vers\u00e4umt, dein B\u00e4umchen im zarten Alter nach deinem<\/em><br \/>\n<em>Willen zu ziehn, jetzt lass das erwachsene wachsen nach seinem.<\/em><\/p>\n<p>Dieses Verspaar macht gleich drei Dinge, vor denen auch hier im Lexikon ernst gewarnt wird.<\/p>\n<p><strong>(1)<\/strong> Zweisilbige Versf\u00fc\u00dfe werden mit Pronomen besetzt: \u201edeinem\u201c, \u201eseinem\u201c. (\u2192 Zweisilbiger Fu\u00df)<br \/>\n<strong>(2)<\/strong> Es gibt einen Zeilensprung zwischen Pronomen und Nomen: \u201edeinem \/\/ Willen\u201c. (\u2192 <a href=\"http:\/\/www.wababbel.de\/ferdi\/gesammeltes\/das-hexameter-lexikon\/der-zeilensprung\/\">Zeilensprung<\/a>)<br \/>\n<strong>(3)<\/strong> Die beiden Hexameter reimen. (\u2192<a href=\"http:\/\/www.wababbel.de\/ferdi\/gesammeltes\/das-hexameter-lexikon\/reim\/\">\u00a0Reim<\/a>)<\/p>\n<p>Dazu kommen Dinge, die auch nicht wirklich gerne gesehen werden, wie etwa das Verk\u00fcrzen des \u201eziehen\u201c zu \u201eziehn\u201c oder Gleichkl\u00e4nge, sei es einer mit h\u00e4sslichen Zischlauten, \u201elass das\u201c, sei es das \u201eerwachsene wachsen\u201c. Und was ist eigentlich mit dem Satzbau? M\u00fcsste es nicht zu Anfang \u201eDu hast\u201c hei\u00dfen, oder, wahlweise, statt des \u201ejetzt\u201c ein \u201edann\u201c stehen?!<\/p>\n<p>Manche Bedenklichkeit also; und trotzdem ist das ein lebendiges und wirksames Epigramm!<\/p>\n<p>Daher noch einmal, und nur mit einem einzigen, auf das Kleingedruckte verweisenden Sternchen:<\/p>\n<p>Schei\u00df was drauf! Der einzelne Vers darf alles. *<\/p>\n<p><span style=\"color: #999999\">* Solange der Bezugsrahmen nicht verlorengeht.<\/span><\/p>\n","protected":false},"excerpt":{"rendered":"<p>Wer sich mit dem Hexameter besch\u00e4ftigt, stellt bald fest, dass es Dutzende von Dingen gibt, die beachtet werden wollen; und wer versucht, allen diesen Dingen auf einmal gerecht zu werden, verzweifelt leicht an der Unm\u00f6glichkeit dieser Aufgabe. Dies hat dieser Eintrag im Auge, und darauf bezogen ist sein etwas r\u00fcder Titel! \u201eSchei\u00df was drauf!\u201c, das&#8230; <a class=\"more-link\" href=\"https:\/\/verserzaehler.wababbel.de\/?page_id=9967\">Read More <span class=\"screen-reader-text\"> in Schei\u00df was drauf!<\/span><\/a><\/p>\n","protected":false},"author":15,"featured_media":0,"parent":8483,"menu_order":0,"comment_status":"closed","ping_status":"closed","template":"","meta":{"footnotes":""},"class_list":["post-9967","page","type-page","status-publish","hentry"],"_links":{"self":[{"href":"https:\/\/verserzaehler.wababbel.de\/index.php?rest_route=\/wp\/v2\/pages\/9967","targetHints":{"allow":["GET"]}}],"collection":[{"href":"https:\/\/verserzaehler.wababbel.de\/index.php?rest_route=\/wp\/v2\/pages"}],"about":[{"href":"https:\/\/verserzaehler.wababbel.de\/index.php?rest_route=\/wp\/v2\/types\/page"}],"author":[{"embeddable":true,"href":"https:\/\/verserzaehler.wababbel.de\/index.php?rest_route=\/wp\/v2\/users\/15"}],"replies":[{"embeddable":true,"href":"https:\/\/verserzaehler.wababbel.de\/index.php?rest_route=%2Fwp%2Fv2%2Fcomments&post=9967"}],"version-history":[{"count":1,"href":"https:\/\/verserzaehler.wababbel.de\/index.php?rest_route=\/wp\/v2\/pages\/9967\/revisions"}],"predecessor-version":[{"id":9968,"href":"https:\/\/verserzaehler.wababbel.de\/index.php?rest_route=\/wp\/v2\/pages\/9967\/revisions\/9968"}],"up":[{"embeddable":true,"href":"https:\/\/verserzaehler.wababbel.de\/index.php?rest_route=\/wp\/v2\/pages\/8483"}],"wp:attachment":[{"href":"https:\/\/verserzaehler.wababbel.de\/index.php?rest_route=%2Fwp%2Fv2%2Fmedia&parent=9967"}],"curies":[{"name":"wp","href":"https:\/\/api.w.org\/{rel}","templated":true}]}}